{"id":36471,"date":"2024-12-24T11:23:03","date_gmt":"2024-12-24T10:23:03","guid":{"rendered":"https:\/\/www.tecnicagasket.com\/materialinformationen\/"},"modified":"2024-12-31T08:07:50","modified_gmt":"2024-12-31T07:07:50","slug":"materialinformationen","status":"publish","type":"page","link":"https:\/\/www.tecnicagasket.com\/de\/materialinformationen\/","title":{"rendered":"Materialinformationen"},"content":{"rendered":"<h1><span>Materialinformationen<\/span><\/h1>\n<h2><span> Mischungen <\/span><\/h2>\n<div>Fordere weitere Informationen zu einem unserer Materialien an<\/div>\n<div>\n<p>Hast du Zweifel bei der Auswahl des perfekten Materials f\u00fcr dein Projekt? <br \/>Wir wissen, dass es schwierig sein kann, sich zwischen Abk\u00fcrzungen, technischen Datenbl\u00e4ttern und komplexen Eigenschaften zurechtzufinden. Aber wir sind hier, um dich Schritt f\u00fcr Schritt zu f\u00fchren und dir bei der besten Wahl zu helfen. Unser Ziel ist es, alles einfacher und transparenter zu machen. Mit einer breiten Auswahl an fortschrittlichen Materialien wie ACM, EPDM, FKM und vielen anderen k\u00f6nnen wir dir ma\u00dfgeschneiderte L\u00f6sungen f\u00fcr jede Art von Anwendung bieten, von den h\u00e4ufigsten bis hin zu den technischeren. Egal, ob du in der Automobil-, Chemie-, Bau- oder Gesundheitsbranche t\u00e4tig bist, wir finden das ideale Material, um exzellente und langlebige Leistungen zu gew\u00e4hrleisten. <br \/>Erz\u00e4hle uns von deinem Projekt und deinen Anforderungen: Unser Expertenteam wird dich mit ma\u00dfgeschneiderten Empfehlungen unterst\u00fctzen und dir technische Datenbl\u00e4tter, Vergleichsanalyse und n\u00fctzliche Informationen zur Verf\u00fcgung stellen, damit du das am besten geeignete Material ausw\u00e4hlen kannst. F\u00fclle das Formular unten aus: Wir werden dir so schnell wie m\u00f6glich alle Details mitteilen. Warte nicht l\u00e4nger, der Erfolg deines Projekts beginnt hier!<\/p>\n<\/div>\n<div>\n\n<div class=\"wpcf7 no-js\" id=\"wpcf7-f36489-o1\" lang=\"it-IT\" dir=\"ltr\" data-wpcf7-id=\"36489\">\n<div class=\"screen-reader-response\"><p role=\"status\" aria-live=\"polite\" aria-atomic=\"true\"><\/p> <ul><\/ul><\/div>\n<form action=\"\/de\/wp-json\/wp\/v2\/pages\/36471#wpcf7-f36489-o1\" method=\"post\" class=\"wpcf7-form init\" aria-label=\"Contact form\" novalidate=\"novalidate\" data-status=\"init\">\n<div style=\"display: none;\">\n<input type=\"hidden\" name=\"_wpcf7\" value=\"36489\" \/>\n<input type=\"hidden\" name=\"_wpcf7_version\" value=\"6.0.3\" \/>\n<input type=\"hidden\" name=\"_wpcf7_locale\" value=\"it_IT\" \/>\n<input type=\"hidden\" name=\"_wpcf7_unit_tag\" value=\"wpcf7-f36489-o1\" \/>\n<input type=\"hidden\" name=\"_wpcf7_container_post\" value=\"0\" \/>\n<input type=\"hidden\" name=\"_wpcf7_posted_data_hash\" value=\"\" \/>\n<input type=\"hidden\" name=\"_wpcf7_recaptcha_response\" value=\"\" \/>\n<\/div>\n<div class=\"info-materiali\">\n\t<div>\n\t\t<p><span class=\"wpcf7-form-control-wrap\" data-name=\"your-name\"><input size=\"40\" maxlength=\"400\" class=\"wpcf7-form-control wpcf7-text wpcf7-validates-as-required\" aria-required=\"true\" aria-invalid=\"false\" placeholder=\"Name\" value=\"\" type=\"text\" name=\"your-name\" \/><\/span>\n\t\t<\/p>\n\t<\/div>\n\t<div>\n\t\t<p><span class=\"wpcf7-form-control-wrap\" data-name=\"your-surname\"><input size=\"40\" maxlength=\"400\" class=\"wpcf7-form-control wpcf7-text wpcf7-validates-as-required\" aria-required=\"true\" aria-invalid=\"false\" placeholder=\"Nachname\" value=\"\" type=\"text\" name=\"your-surname\" \/><\/span>\n\t\t<\/p>\n\t<\/div>\n\t<div>\n\t\t<p><span class=\"wpcf7-form-control-wrap\" data-name=\"your-company\"><input size=\"40\" maxlength=\"400\" class=\"wpcf7-form-control wpcf7-text wpcf7-validates-as-required\" aria-required=\"true\" aria-invalid=\"false\" placeholder=\"Unternehmen\" value=\"\" type=\"text\" name=\"your-company\" \/><\/span>\n\t\t<\/p>\n\t<\/div>\n\t<div>\n\t\t<p><span class=\"wpcf7-form-control-wrap\" data-name=\"your-email\"><input size=\"40\" maxlength=\"400\" class=\"wpcf7-form-control wpcf7-email wpcf7-validates-as-required wpcf7-text wpcf7-validates-as-email\" aria-required=\"true\" aria-invalid=\"false\" placeholder=\"E-mail\" value=\"\" type=\"email\" name=\"your-email\" \/><\/span>\n\t\t<\/p>\n\t<\/div>\n\t<div>\n\t\t<p><span class=\"wpcf7-form-control-wrap\" data-name=\"your-subject\"><input size=\"40\" maxlength=\"400\" class=\"wpcf7-form-control wpcf7-text wpcf7-validates-as-required\" aria-required=\"true\" aria-invalid=\"false\" placeholder=\"Betreff\" value=\"\" type=\"text\" name=\"your-subject\" \/><\/span>\n\t\t<\/p>\n\t<\/div>\n\t<div>\n\t\t<p><span class=\"wpcf7-form-control-wrap\" data-name=\"materiale\"><select class=\"wpcf7-form-control wpcf7-select\" aria-invalid=\"false\" name=\"materiale\"><option value=\"\">ACM<\/option><option value=\"AEM\">AEM<\/option><option value=\"AFLAS\">AFLAS<\/option><option value=\"CIIR\">CIIR<\/option><option value=\"CR\">CR<\/option><option value=\"CSM\">CSM<\/option><option value=\"ECO\">ECO<\/option><option value=\"EPDM\">EPDM<\/option><option value=\"FEPM\">FEPM<\/option><option value=\"FFKM\">FFKM<\/option><option value=\"FKM\">FKM<\/option><option value=\"FVMQ\">FVMQ<\/option><option value=\"HNBR\">HNBR<\/option><option value=\"IIR\">IIR<\/option><option value=\"LSR\">LSR<\/option><option value=\"NBR\">NBR<\/option><option value=\"NR\">NR<\/option><option value=\"PU\">PU<\/option><option value=\"PVMQ\">PVMQ<\/option><option value=\"SBR\">SBR<\/option><option value=\"TPE\">TPE<\/option><option value=\"TPV\">TPV<\/option><option value=\"VMQ\">VMQ<\/option><option value=\"XNBR\">XNBR<\/option><\/select><\/span>\n\t\t<\/p>\n\t<\/div>\n\t<div class=\"matextarea\">\n\t\t<p><span class=\"wpcf7-form-control-wrap\" data-name=\"your-message\"><textarea cols=\"40\" rows=\"10\" maxlength=\"2000\" class=\"wpcf7-form-control wpcf7-textarea wpcf7-validates-as-required\" aria-required=\"true\" aria-invalid=\"false\" placeholder=\"Nachricht\" name=\"your-message\"><\/textarea><\/span>\n\t\t<\/p>\n\t<\/div>\n\t<p><input class=\"wpcf7-form-control wpcf7-submit has-spinner\" type=\"submit\" value=\"Senden\" \/>\n\t<\/p>\n<\/div><div class=\"wpcf7-response-output\" aria-hidden=\"true\"><\/div>\n<\/form>\n<\/div>\n\n<\/div>\n<p><!--more--><br \/>\n<!-- {\"type\":\"layout\",\"children\":[{\"name\":\"Hero\",\"type\":\"section\",\"props\":{\"animation\":\"slide-left-small\",\"animation_delay\":\"200\",\"header_transparent\":true,\"header_transparent_noplaceholder\":true,\"image\":\"wp-content\\\/uploads\\\/2024\\\/12\\\/mescola-ricerca.jpg\",\"image_position\":\"center-center\",\"image_size\":\"cover\",\"media_overlay\":\"rgba(0, 0, 0, 0.39)\",\"overlap\":true,\"padding\":\"large\",\"padding_remove_top\":false,\"style\":\"default\",\"text_color\":\"light\",\"title_breakpoint\":\"xl\",\"title_position\":\"top-left\",\"title_rotation\":\"left\",\"vertical_align\":\"\",\"width\":\"\"},\"children\":[{\"type\":\"row\",\"children\":[{\"type\":\"column\",\"props\":{\"image_position\":\"center-center\",\"position_sticky_breakpoint\":\"m\"},\"children\":[{\"type\":\"headline\",\"props\":{\"content\":\"<span>Materialinformationen<\\\/span>\",\"text_align\":\"left\",\"title_element\":\"h1\",\"title_style\":\"heading-large\"}}]}],\"props\":{\"margin\":\"large\",\"width\":\"xlarge\"}}]},{\"name\":\"History\",\"type\":\"section\",\"props\":{\"animation\":\"slide-left-medium\",\"animation_delay\":false,\"image_position\":\"center-center\",\"padding_remove_bottom\":false,\"padding_remove_top\":false,\"style\":\"default\",\"title_breakpoint\":\"xl\",\"title_position\":\"top-left\",\"title_rotation\":\"left\",\"vertical_align\":\"\",\"width\":\"xlarge\"},\"children\":[{\"type\":\"row\",\"props\":{\"column_gap\":\"large\",\"divider\":false,\"margin\":\"default\",\"margin_remove_bottom\":false,\"row_gap\":\"large\",\"vertical_align\":true},\"children\":[{\"type\":\"column\",\"props\":{\"image_position\":\"center-center\",\"position_sticky_breakpoint\":\"m\"},\"children\":[{\"type\":\"headline\",\"props\":{\"content\":\"<span> Mischungen <\\\/span>\",\"title_color\":\"primary\",\"title_element\":\"h2\",\"title_style\":\"h6\"}},{\"type\":\"headline\",\"props\":{\"content\":\"Fordere weitere Informationen zu einem unserer Materialien an\",\"margin\":\"large\",\"margin_remove_top\":true,\"maxwidth\":\"xlarge\",\"text_align_breakpoint\":\"m\",\"text_align_fallback\":\"center\",\"title_element\":\"div\",\"title_style\":\"h1\"}},{\"type\":\"text\",\"props\":{\"column\":\"1-2\",\"column_breakpoint\":\"l\",\"content\":\"\n\n<p>Con un\\u2019esperienza trentennale nel settore, Tecnica Gasket offre soluzioni di eccellenza per il comparto delle guarnizioni in gomma. L\\u2019azienda ha sede operativa a Paratico (BS) e mette a disposizione dei propri clienti competenze specifiche, affidabilit\\u00e0 e una meticolosa ricerca dei materiali e alla costante attenzione verso la soddisfazione dei nostri clienti. L\\u2019impegno di Tecnica Gasket verso l\\u2019eccellenza si esprime attraverso un lavoro sinergico tra tutti i comparti aziendali, che progettano e operano secondo criteri di ricercatezza, competenza ed efficientamento produttivo. Soddisfare le esigenze dele cliente \\u00e8 un elemento fondamentale che caratterizza tutta la catena produttiva: dalla progettazione sino alla trasformazione di ciascun componente per le guarnizioni tecniche in gomma. Grazie alla competenza e alla professionalit\\u00e0 maturata negli anni Tecnica Gasket ha affinato sempre pi\\u00f9 la propria attivit\\u00e0 in ambito di progettazione di guarnizioni costum, che \\u00e8 una delle peculiarit\\u00e0 dell\\u2019azienda e che le consente s\\u00ec di mantenere un\\u2019anima Made in Italy, ma anche di affacciarsi a mercati esteri: in tal senso, Tecnica Gasket ha iniziato attivit\\u00e0 di export in 27 Paesi europei e d\\u2019oltreoceano.<\\\/p>\",\"margin\":\"default\",\"status\":\"disabled\",\"text_align\":\"justify\"}}]}]},{\"type\":\"row\",\"props\":{\"column_gap\":\"large\",\"layout\":\"1-2,1-2\",\"margin_remove_top\":true},\"children\":[{\"type\":\"column\",\"props\":{\"image_position\":\"center-center\",\"position_sticky_breakpoint\":\"m\",\"width_medium\":\"1-2\"},\"children\":[{\"type\":\"text\",\"props\":{\"column_breakpoint\":\"l\",\"content\":\"\n\n<p>Hast du Zweifel bei der Auswahl des perfekten Materials f\\u00fcr dein Projekt? <br \\\/>Wir wissen, dass es schwierig sein kann, sich zwischen Abk\\u00fcrzungen, technischen Datenbl\\u00e4ttern und komplexen Eigenschaften zurechtzufinden. Aber wir sind hier, um dich Schritt f\\u00fcr Schritt zu f\\u00fchren und dir bei der besten Wahl zu helfen. Unser Ziel ist es, alles einfacher und transparenter zu machen. Mit einer breiten Auswahl an fortschrittlichen Materialien wie ACM, EPDM, FKM und vielen anderen k\\u00f6nnen wir dir ma\\u00dfgeschneiderte L\\u00f6sungen f\\u00fcr jede Art von Anwendung bieten, von den h\\u00e4ufigsten bis hin zu den technischeren. Egal, ob du in der Automobil-, Chemie-, Bau- oder Gesundheitsbranche t\\u00e4tig bist, wir finden das ideale Material, um exzellente und langlebige Leistungen zu gew\\u00e4hrleisten. <br \\\/>Erz\\u00e4hle uns von deinem Projekt und deinen Anforderungen: Unser Expertenteam wird dich mit ma\\u00dfgeschneiderten Empfehlungen unterst\\u00fctzen und dir technische Datenbl\\u00e4tter, Vergleichsanalyse und n\\u00fctzliche Informationen zur Verf\\u00fcgung stellen, damit du das am besten geeignete Material ausw\\u00e4hlen kannst. F\\u00fclle das Formular unten aus: Wir werden dir so schnell wie m\\u00f6glich alle Details mitteilen. Warte nicht l\\u00e4nger, der Erfolg deines Projekts beginnt hier!<\\\/p>\",\"margin\":\"default\",\"text_align\":\"justify\"}}]},{\"type\":\"column\",\"props\":{\"image_position\":\"center-center\",\"position_sticky_breakpoint\":\"m\",\"width_medium\":\"1-2\"},\"children\":[{\"type\":\"text\",\"props\":{\"column_breakpoint\":\"m\",\"content\":\"\n\n<p>[contact-form-7 id=\\\"7228e89\\\" title=\\\"Materialinformationen\\\"]<\\\/p>\",\"margin\":\"default\"}}]}]}]}],\"version\":\"4.4.10\",\"yooessentialsVersion\":\"2.2.22\"} --><\/p>\n","protected":false},"excerpt":{"rendered":"<p>Materialinformationen Mischungen Fordere weitere Informationen zu einem unserer Materialien an Hast du Zweifel bei der Auswahl des perfekten Materials f\u00fcr dein Projekt? Wir wissen, dass es schwierig sein kann, sich zwischen Abk\u00fcrzungen, technischen Datenbl\u00e4ttern und komplexen Eigenschaften zurechtzufinden. Aber wir sind hier, um dich Schritt f\u00fcr Schritt zu f\u00fchren und dir bei der besten Wahl [&hellip;]<\/p>\n","protected":false},"author":1,"featured_media":0,"parent":0,"menu_order":0,"comment_status":"closed","ping_status":"closed","template":"","meta":{"_acf_changed":false,"footnotes":""},"class_list":["post-36471","page","type-page","status-publish","hentry"],"acf":[],"_links":{"self":[{"href":"https:\/\/www.tecnicagasket.com\/de\/wp-json\/wp\/v2\/pages\/36471","targetHints":{"allow":["GET"]}}],"collection":[{"href":"https:\/\/www.tecnicagasket.com\/de\/wp-json\/wp\/v2\/pages"}],"about":[{"href":"https:\/\/www.tecnicagasket.com\/de\/wp-json\/wp\/v2\/types\/page"}],"author":[{"embeddable":true,"href":"https:\/\/www.tecnicagasket.com\/de\/wp-json\/wp\/v2\/users\/1"}],"replies":[{"embeddable":true,"href":"https:\/\/www.tecnicagasket.com\/de\/wp-json\/wp\/v2\/comments?post=36471"}],"version-history":[{"count":5,"href":"https:\/\/www.tecnicagasket.com\/de\/wp-json\/wp\/v2\/pages\/36471\/revisions"}],"predecessor-version":[{"id":36491,"href":"https:\/\/www.tecnicagasket.com\/de\/wp-json\/wp\/v2\/pages\/36471\/revisions\/36491"}],"wp:attachment":[{"href":"https:\/\/www.tecnicagasket.com\/de\/wp-json\/wp\/v2\/media?parent=36471"}],"curies":[{"name":"wp","href":"https:\/\/api.w.org\/{rel}","templated":true}]}}